{"id":8,"date":"2021-08-13T10:24:40","date_gmt":"2021-08-13T10:24:40","guid":{"rendered":"https:\/\/www.terhisallinen.fi\/?page_id=8"},"modified":"2021-08-13T10:24:40","modified_gmt":"2021-08-13T10:24:40","slug":"ota-yhteytta","status":"publish","type":"page","link":"https:\/\/www.terhisallinen.fi\/index.php\/ota-yhteytta\/","title":{"rendered":"Ota yhteytt\u00e4"},"content":{"rendered":"\n<p>T\u00e4ll\u00e4 sivulla on joitakin perusyhteystietoja, kuten osoite ja puhelinnumero. Saatat my\u00f6s haluta kokeilla lis\u00e4osaa, jolla voit lis\u00e4t\u00e4 yhteydenottolomakkeen.<\/p>\n","protected":false},"excerpt":{"rendered":"<p>T\u00e4ll\u00e4 sivulla on joitakin perusyhteystietoja, kuten osoite ja puhelinnumero. Saatat my\u00f6s haluta kokeilla lis\u00e4osaa, jolla voit lis\u00e4t\u00e4 yhteydenottolomakkeen.<\/p>\n","protected":false},"author":1,"featured_media":0,"parent":0,"menu_order":0,"comment_status":"closed","ping_status":"closed","template":"","meta":{"footnotes":""},"class_list":["post-8","page","type-page","status-publish","hentry"],"_links":{"self":[{"href":"https:\/\/www.terhisallinen.fi\/index.php\/wp-json\/wp\/v2\/pages\/8","targetHints":{"allow":["GET"]}}],"collection":[{"href":"https:\/\/www.terhisallinen.fi\/index.php\/wp-json\/wp\/v2\/pages"}],"about":[{"href":"https:\/\/www.terhisallinen.fi\/index.php\/wp-json\/wp\/v2\/types\/page"}],"author":[{"embeddable":true,"href":"https:\/\/www.terhisallinen.fi\/index.php\/wp-json\/wp\/v2\/users\/1"}],"replies":[{"embeddable":true,"href":"https:\/\/www.terhisallinen.fi\/index.php\/wp-json\/wp\/v2\/comments?post=8"}],"version-history":[{"count":1,"href":"https:\/\/www.terhisallinen.fi\/index.php\/wp-json\/wp\/v2\/pages\/8\/revisions"}],"predecessor-version":[{"id":19,"href":"https:\/\/www.terhisallinen.fi\/index.php\/wp-json\/wp\/v2\/pages\/8\/revisions\/19"}],"wp:attachment":[{"href":"https:\/\/www.terhisallinen.fi\/index.php\/wp-json\/wp\/v2\/media?parent=8"}],"curies":[{"name":"wp","href":"https:\/\/api.w.org\/{rel}","templated":true}]}}