{"id":7,"date":"2021-08-13T10:24:40","date_gmt":"2021-08-13T10:24:40","guid":{"rendered":"https:\/\/www.terhisallinen.fi\/?page_id=7"},"modified":"2025-09-14T20:25:25","modified_gmt":"2025-09-14T20:25:25","slug":"tietoja","status":"publish","type":"page","link":"https:\/\/www.terhisallinen.fi\/index.php\/tietoja\/","title":{"rendered":"CV"},"content":{"rendered":"\n<p style=\"line-height:0.5\">MA, Art and Design, Cardiff Metropolitan University, UK, 2016<\/p>\n\n\n\n<p style=\"line-height:0.5\">BA (Hons) Fine Art, Cardiff Metropolitan University, UK, 2012-2015<\/p>\n\n\n\n<p style=\"line-height:0.5\">Erasmus exchange, Accademia di Belle Arti di Venezia, Italy, 2013-2015<\/p>\n\n\n\n<p>Alfa-Art art school, Helsinki, Finland, 2006-2009<\/p>\n\n\n\n<p><\/p>\n\n\n\n<p style=\"line-height:0.5\">International Exhibitions:<\/p>\n\n\n\n<p style=\"line-height:0.5\">Kobe Biennale 2015, Art in a Container International Exhibition, Kobe, Japan, 2015<\/p>\n\n\n\n<p style=\"line-height:0.5\">Kobe Biennale 2011, Art in a Container International Exhibition, Kobe, Japan, 2011<\/p>\n\n\n\n<p style=\"line-height:0.5\">Curator:<\/p>\n\n\n\n<p style=\"line-height:0.5\">Derive, Galleria 4-kuus, Helsinki, 2017<\/p>\n\n\n\n<p style=\"line-height:0.5\">Tokoro, Galleria 4-kuus, Helsinki, 2016<\/p>\n\n\n\n<p style=\"line-height:0.5\">Lle, Puristamo, Kaapelitehdas, Helsinki, 2016 <\/p>\n\n\n\n<p style=\"line-height:0.5\">CSAD pop-up Exhibition, Morgan Arcade, Cardiff, 2016<\/p>\n\n\n\n<p style=\"line-height:0.5\">Group Exhibitions:<\/p>\n\n\n\n<p>L\u00f6yt\u00f6retkell\u00e4, Puristamo Kaapelitehdas, 2025<br>Hehkuvaa, Helsingin taiteilijaseuran taidelainaamo, 2025 <\/p>\n\n\n\n<p>Summer Blues, Helsingin taiteilijaseuran taidelainaamo, 2024<\/p>\n\n\n\n<p style=\"line-height:0.5\">Siirappia, Helsingin taiteilijaseuran taidelainaamo, 2023<\/p>\n\n\n\n<p style=\"line-height:0.5\">Sateenkaaren alla, Helsingin taiteilijaseuran taidelainaamo, 2023<\/p>\n\n\n\n<p style=\"line-height:0.5\">Toivo\/Hope, Helsingin tateilijaseuran taidelainaamo, 2022<\/p>\n\n\n\n<p style=\"line-height:0.5\">Luontoni, Helsingin taiteilijaseuran taidelainaamo, 2022<\/p>\n\n\n\n<p style=\"line-height:0.5\">V\u00e4ri\u00e4 pimeyteen, Galleria Katariina, Helsingin taiteilijaseura, 2021<\/p>\n\n\n\n<p style=\"line-height:0.5\">Silkkaa Iloa, Helsingin taiteilijaseuran taidelainaamo, 2020<\/p>\n\n\n\n<p style=\"line-height:0.5\">Helsingin taiteilijaseuran joulu, Galleria Katariina, 2019<\/p>\n\n\n\n<p style=\"line-height:0.5\">Derive, Galleria 4-kuus, Helsinki, 2017<\/p>\n\n\n\n<p>CSAD MA Graduate Exhibition, Cardiff Metropolitan University, Cardiff, Wales, UK, 2016<\/p>\n\n\n\n<p style=\"line-height:0.5\">Tokoro, Galleria 4-kuus, Helsinki, 2016<\/p>\n\n\n\n<p style=\"line-height:0.5\">Lle, Puristamo, Kaapelitehdas, Helsinki, 2016<\/p>\n\n\n\n<p style=\"line-height:0.3\">CSAD pop-up Exhibition, Morgan Arcade, Cardiff, 2016<\/p>\n\n\n\n<p>CSAD BA Graduate exhibition, Cardiff Metropolitan University, Cardiff, Wales, UK, 2015<\/p>\n\n\n\n<p style=\"line-height:0.3\">Cathays Library, Cardiff, Wales, 2015<\/p>\n\n\n\n<p style=\"line-height:0.3\"><br>Destino: Venezia, Accademia di Belle Arti di Venezia, Italy 2013 <\/p>\n\n\n\n<p style=\"line-height:0.3\">CSAD Exhibition 2013, Morgan Arcade, Cardiff, 2014<\/p>\n\n\n\n<p style=\"line-height:0.3\"><br>Puristamo, Cable Factory, Helsinki, 2013<\/p>\n\n\n\n<p style=\"line-height:0.3\"><br>Helsinki Contemporary Art Fair. Helsinki, 2012<\/p>\n\n\n\n<p style=\"line-height:0.3\"><br>Taidepappila, Kuhmalahti, 2012<\/p>\n\n\n\n<p style=\"line-height:0.3\"><br>Gallery Viile\u00e4 Punainen, Helsinki, 2012<\/p>\n\n\n\n<p style=\"line-height:0.3\"><br>S-Galleriaikkuna, Helsinki, 2012<\/p>\n\n\n\n<p style=\"line-height:0.3\"><br>Gallery Kolmas Kerros, Helsinki, 2011<\/p>\n\n\n\n<p style=\"line-height:0.3\"><br>Ateljee Sallinen, Kirkkonummi, 2011<\/p>\n\n\n\n<p style=\"line-height:0.3\"><br>Gallery Kolmas Kerros, Helsinki, 2011<\/p>\n\n\n\n<p style=\"line-height:0.3\"><br>Helsinki City Museum, 2010<\/p>\n\n\n\n<p style=\"line-height:0.3\"><br>Ateljee Sallinen, Kirkkonummi, 2009<\/p>\n\n\n\n<p style=\"line-height:0.3\"><br>Valssaamo, Cable Factory, Helsinki, 2009<\/p>\n\n\n\n<p style=\"line-height:0.6\">Private Exhibitions:<\/p>\n\n\n\n<p>Hetkess\u00e4 eletty\u00e4, Kartanoravintola, Helsinki, 2025<br>Piirtynytt\u00e4, Laajasalo Service center, Helsinki, 2025<br>Kev\u00e4\u00e4n valoa, Kartanoravintola, 2025<\/p>\n\n\n\n<p style=\"line-height:0.6\">CSAD gallery, Cardiff Metropolitan University, Cardiff, Wales, UK, 2015<\/p>\n\n\n\n<p style=\"line-height:0.6\">2011 Gallery Kolmas Kerros, Helsinki <\/p>\n\n\n\n<p style=\"line-height:0.6\">2011 S-Gallery, Helsinki<\/p>\n\n\n\n<p style=\"line-height:0.6\"><br>2010 Stoan parvi, Helsinki<\/p>\n\n\n\n<p>Awards:<\/p>\n\n\n\n<p>Special Prize at KOBE Biennale 2011,<br>Art in a Container International Competition, Japan<\/p>\n\n\n\n<p>Grants:<\/p>\n\n\n\n<p>Frame, 2011<\/p>\n\n\n\n<p>Member: Helsingin taiteilijaseura (Helsinki Artists Association)<\/p>\n","protected":false},"excerpt":{"rendered":"<p>MA, Art and Design, Cardiff Metropolitan University, UK, 2016 BA (Hons) Fine Art, Cardiff Metropolitan University, UK, 2012-2015 Erasmus exchange, Accademia di Belle Arti di Venezia, Italy, 2013-2015 Alfa-Art art school, Helsinki, Finland, 2006-2009 International Exhibitions: Kobe Biennale 2015, Art in a Container International Exhibition, Kobe, Japan, 2015 Kobe Biennale 2011, Art in a Container &hellip; <\/p>\n<p class=\"link-more\"><a href=\"https:\/\/www.terhisallinen.fi\/index.php\/tietoja\/\" class=\"more-link\">Read more<span class=\"screen-reader-text\"> &#8221;CV&#8221;<\/span><\/a><\/p>\n","protected":false},"author":1,"featured_media":57,"parent":0,"menu_order":0,"comment_status":"closed","ping_status":"closed","template":"","meta":{"footnotes":""},"class_list":["post-7","page","type-page","status-publish","has-post-thumbnail","hentry"],"_links":{"self":[{"href":"https:\/\/www.terhisallinen.fi\/index.php\/wp-json\/wp\/v2\/pages\/7","targetHints":{"allow":["GET"]}}],"collection":[{"href":"https:\/\/www.terhisallinen.fi\/index.php\/wp-json\/wp\/v2\/pages"}],"about":[{"href":"https:\/\/www.terhisallinen.fi\/index.php\/wp-json\/wp\/v2\/types\/page"}],"author":[{"embeddable":true,"href":"https:\/\/www.terhisallinen.fi\/index.php\/wp-json\/wp\/v2\/users\/1"}],"replies":[{"embeddable":true,"href":"https:\/\/www.terhisallinen.fi\/index.php\/wp-json\/wp\/v2\/comments?post=7"}],"version-history":[{"count":4,"href":"https:\/\/www.terhisallinen.fi\/index.php\/wp-json\/wp\/v2\/pages\/7\/revisions"}],"predecessor-version":[{"id":62,"href":"https:\/\/www.terhisallinen.fi\/index.php\/wp-json\/wp\/v2\/pages\/7\/revisions\/62"}],"wp:featuredmedia":[{"embeddable":true,"href":"https:\/\/www.terhisallinen.fi\/index.php\/wp-json\/wp\/v2\/media\/57"}],"wp:attachment":[{"href":"https:\/\/www.terhisallinen.fi\/index.php\/wp-json\/wp\/v2\/media?parent=7"}],"curies":[{"name":"wp","href":"https:\/\/api.w.org\/{rel}","templated":true}]}}